{"id":695,"date":"2024-09-29T01:52:32","date_gmt":"2024-09-29T04:52:32","guid":{"rendered":"https:\/\/www.fundacionislamica.org\/?page_id=695"},"modified":"2025-02-26T18:41:20","modified_gmt":"2025-02-26T21:41:20","slug":"inicio","status":"publish","type":"page","link":"https:\/\/www.fundacionislamica.org\/","title":{"rendered":"Inicio"},"content":{"rendered":"\t\t<div data-elementor-type=\"wp-page\" data-elementor-id=\"695\" class=\"elementor elementor-695\">\n\t\t\t\t<div class=\"elementor-element elementor-element-f70ff33 e-flex e-con-boxed e-con e-parent\" data-id=\"f70ff33\" data-element_type=\"container\">\n\t\t\t\t\t<div class=\"e-con-inner\">\n\t\t\t\t<div class=\"elementor-element elementor-element-46991c9 elementor-widget__width-inherit elementor-arrows-position-inside elementor-widget elementor-widget-image-carousel\" data-id=\"46991c9\" data-element_type=\"widget\" data-settings=\"{&quot;slides_to_show&quot;:&quot;1&quot;,&quot;navigation&quot;:&quot;arrows&quot;,&quot;autoplay_speed&quot;:4000,&quot;effect&quot;:&quot;fade&quot;,&quot;autoplay&quot;:&quot;yes&quot;,&quot;pause_on_hover&quot;:&quot;yes&quot;,&quot;pause_on_interaction&quot;:&quot;yes&quot;,&quot;infinite&quot;:&quot;yes&quot;,&quot;speed&quot;:500}\" data-widget_type=\"image-carousel.default\">\n\t\t\t\t<div class=\"elementor-widget-container\">\n\t\t\t\t\t\t\t<div class=\"elementor-image-carousel-wrapper swiper\" role=\"region\" aria-roledescription=\"carousel\" aria-label=\"Carrusel de im\u00e1genes\" dir=\"ltr\">\n\t\t\t<div class=\"elementor-image-carousel swiper-wrapper\" aria-live=\"off\">\n\t\t\t\t\t\t\t\t<div class=\"swiper-slide\" role=\"group\" aria-roledescription=\"slide\" aria-label=\"1 de 3\"><a data-elementor-open-lightbox=\"yes\" data-elementor-lightbox-slideshow=\"46991c9\" data-elementor-lightbox-title=\"cordoba2\" data-e-action-hash=\"#elementor-action%3Aaction%3Dlightbox%26settings%3DeyJpZCI6MTM4MywidXJsIjoiaHR0cHM6XC9cL3d3dy5mdW5kYWNpb25pc2xhbWljYS5vcmdcL3dwLWNvbnRlbnRcL3VwbG9hZHNcLzIwMjVcLzAxXC9jb3Jkb2JhMi5qcGVnIiwic2xpZGVzaG93IjoiNDY5OTFjOSJ9\" href=\"https:\/\/www.fundacionislamica.org\/?cat=11\" target=\"_blank\"><figure class=\"swiper-slide-inner\"><img decoding=\"async\" class=\"swiper-slide-image\" src=\"https:\/\/www.fundacionislamica.org\/wp-content\/uploads\/elementor\/thumbs\/cordoba2-qzfl0c2qwsik7mgf2y6hj82daoqebjj06a0uy2bu5s.jpeg\" alt=\"cordoba2\" \/><\/figure><\/a><\/div><div class=\"swiper-slide\" role=\"group\" aria-roledescription=\"slide\" aria-label=\"2 de 3\"><a data-elementor-open-lightbox=\"yes\" data-elementor-lightbox-slideshow=\"46991c9\" data-elementor-lightbox-title=\"claim now\" data-e-action-hash=\"#elementor-action%3Aaction%3Dlightbox%26settings%3DeyJpZCI6MTQxMCwidXJsIjoiaHR0cHM6XC9cL3d3dy5mdW5kYWNpb25pc2xhbWljYS5vcmdcL3dwLWNvbnRlbnRcL3VwbG9hZHNcLzIwMjVcLzAyXC9jbGFpbS1ub3cuanBnIiwic2xpZGVzaG93IjoiNDY5OTFjOSJ9\" href=\"https:\/\/www.fundacionislamica.org\/?cat=11\" target=\"_blank\"><figure class=\"swiper-slide-inner\"><img decoding=\"async\" class=\"swiper-slide-image\" src=\"https:\/\/www.fundacionislamica.org\/wp-content\/uploads\/elementor\/thumbs\/claim-now-r23ckcsfx8iieutm21whazknh4dv3ln5zqp83c771s.jpg\" alt=\"claim now\" \/><\/figure><\/a><\/div><div class=\"swiper-slide\" role=\"group\" aria-roledescription=\"slide\" aria-label=\"3 de 3\"><a data-elementor-open-lightbox=\"yes\" data-elementor-lightbox-slideshow=\"46991c9\" data-elementor-lightbox-title=\"HDRamadan-Mubarak\" data-e-action-hash=\"#elementor-action%3Aaction%3Dlightbox%26settings%3DeyJpZCI6NjA4LCJ1cmwiOiJodHRwczpcL1wvd3d3LmZ1bmRhY2lvbmlzbGFtaWNhLm9yZ1wvd3AtY29udGVudFwvdXBsb2Fkc1wvMjAyNFwvMDNcL0hEUmFtYWRhbi1NdWJhcmFrLWUxNzA5NzYwMDY5MjYwLmpwZWciLCJzbGlkZXNob3ciOiI0Njk5MWM5In0%3D\" href=\"https:\/\/www.fundacionislamica.org\/?cat=11\" target=\"_blank\"><figure class=\"swiper-slide-inner\"><img decoding=\"async\" class=\"swiper-slide-image\" src=\"https:\/\/www.fundacionislamica.org\/wp-content\/uploads\/elementor\/thumbs\/HDRamadan-Mubarak-e1709760069260-qktwp1zebi0lj4t87yly2o1qvbvh1vw06psgdjz7g0.jpeg\" alt=\"HDRamadan-Mubarak\" \/><\/figure><\/a><\/div>\t\t\t<\/div>\n\t\t\t\t\t\t\t\t\t\t\t\t<div class=\"elementor-swiper-button elementor-swiper-button-prev\" role=\"button\" tabindex=\"0\">\n\t\t\t\t\t\t<svg aria-hidden=\"true\" class=\"e-font-icon-svg e-eicon-chevron-left\" viewBox=\"0 0 1000 1000\" xmlns=\"http:\/\/www.w3.org\/2000\/svg\"><path d=\"M646 125C629 125 613 133 604 142L308 442C296 454 292 471 292 487 292 504 296 521 308 533L604 854C617 867 629 875 646 875 663 875 679 871 692 858 704 846 713 829 713 812 713 796 708 779 692 767L438 487 692 225C700 217 708 204 708 187 708 171 704 154 692 142 675 129 663 125 646 125Z\"><\/path><\/svg>\t\t\t\t\t<\/div>\n\t\t\t\t\t<div class=\"elementor-swiper-button elementor-swiper-button-next\" role=\"button\" tabindex=\"0\">\n\t\t\t\t\t\t<svg aria-hidden=\"true\" class=\"e-font-icon-svg e-eicon-chevron-right\" viewBox=\"0 0 1000 1000\" xmlns=\"http:\/\/www.w3.org\/2000\/svg\"><path d=\"M696 533C708 521 713 504 713 487 713 471 708 454 696 446L400 146C388 133 375 125 354 125 338 125 325 129 313 142 300 154 292 171 292 187 292 204 296 221 308 233L563 492 304 771C292 783 288 800 288 817 288 833 296 850 308 863 321 871 338 875 354 875 371 875 388 867 400 854L696 533Z\"><\/path><\/svg>\t\t\t\t\t<\/div>\n\t\t\t\t\n\t\t\t\t\t\t\t\t\t<\/div>\n\t\t\t\t\t\t<\/div>\n\t\t\t\t<\/div>\n\t\t\t\t\t<\/div>\n\t\t\t\t<\/div>\n\t\t<div class=\"elementor-element elementor-element-e8b1df9 e-flex e-con-boxed e-con e-parent\" data-id=\"e8b1df9\" data-element_type=\"container\">\n\t\t\t\t\t<div class=\"e-con-inner\">\n\t\t<div class=\"elementor-element elementor-element-bb2b7b2 e-con-full e-flex e-con e-child\" data-id=\"bb2b7b2\" data-element_type=\"container\">\n\t\t\t\t<div class=\"elementor-element elementor-element-8dece35 elementor-widget elementor-widget-heading\" data-id=\"8dece35\" data-element_type=\"widget\" data-widget_type=\"heading.default\">\n\t\t\t\t<div class=\"elementor-widget-container\">\n\t\t\t\t\t<h2 class=\"elementor-heading-title elementor-size-default\">Qui\u00e9nes Somos<\/h2>\t\t\t\t<\/div>\n\t\t\t\t<\/div>\n\t\t\t\t<div class=\"elementor-element elementor-element-db8e7c7 elementor-widget elementor-widget-heading\" data-id=\"db8e7c7\" data-element_type=\"widget\" data-widget_type=\"heading.default\">\n\t\t\t\t<div class=\"elementor-widget-container\">\n\t\t\t\t\t<div class=\"elementor-heading-title elementor-size-default\">La Fundaci\u00f3n Isl\u00e1mica de Chile, es una organizaci\u00f3n sin fines de lucro enfocada en la difusi\u00f3n y ense\u00f1anza del islam en Chile, adem\u00e1s de velar por el desarrollo integral de la vida del musulm\u00e1n, ya sea de car\u00e1cter social, intelectual y espiritual, procurando que este desarrollo est\u00e9 en concordancia con los valores tradicionales isl\u00e1micos.<\/div>\t\t\t\t<\/div>\n\t\t\t\t<\/div>\n\t\t\t\t<div class=\"elementor-element elementor-element-3cf8513 elementor-widget elementor-widget-heading\" data-id=\"3cf8513\" data-element_type=\"widget\" data-widget_type=\"heading.default\">\n\t\t\t\t<div class=\"elementor-widget-container\">\n\t\t\t\t\t<div class=\"elementor-heading-title elementor-size-default\">Te invitamos a visitar nuestras actividades o ponerte en contacto ante cualquier duda.<\/div>\t\t\t\t<\/div>\n\t\t\t\t<\/div>\n\t\t\t\t<\/div>\n\t\t<div class=\"elementor-element elementor-element-6708e86 e-con-full e-flex e-con e-child\" data-id=\"6708e86\" data-element_type=\"container\">\n\t\t\t\t<div class=\"elementor-element elementor-element-91e9e67 elementor-align-center elementor-widget elementor-widget-button\" data-id=\"91e9e67\" data-element_type=\"widget\" data-widget_type=\"button.default\">\n\t\t\t\t<div class=\"elementor-widget-container\">\n\t\t\t\t\t\t\t\t\t<div class=\"elementor-button-wrapper\">\n\t\t\t\t\t<a class=\"elementor-button elementor-button-link elementor-size-sm\" href=\"https:\/\/www.fundacionislamica.org\/?page_id=674\">\n\t\t\t\t\t\t<span class=\"elementor-button-content-wrapper\">\n\t\t\t\t\t\t\t\t\t<span class=\"elementor-button-text\">Visitar<\/span>\n\t\t\t\t\t<\/span>\n\t\t\t\t\t<\/a>\n\t\t\t\t<\/div>\n\t\t\t\t\t\t\t\t<\/div>\n\t\t\t\t<\/div>\n\t\t\t\t<\/div>\n\t\t\t\t<div class=\"elementor-element elementor-element-bbbe853 elementor-align-center elementor-widget elementor-widget-button\" data-id=\"bbbe853\" data-element_type=\"widget\" data-widget_type=\"button.default\">\n\t\t\t\t<div class=\"elementor-widget-container\">\n\t\t\t\t\t\t\t\t\t<div class=\"elementor-button-wrapper\">\n\t\t\t\t\t<a class=\"elementor-button elementor-button-link elementor-size-sm\" href=\"https:\/\/www.fundacionislamica.org\/?page_id=675\">\n\t\t\t\t\t\t<span class=\"elementor-button-content-wrapper\">\n\t\t\t\t\t\t\t\t\t<span class=\"elementor-button-text\">Contacto<\/span>\n\t\t\t\t\t<\/span>\n\t\t\t\t\t<\/a>\n\t\t\t\t<\/div>\n\t\t\t\t\t\t\t\t<\/div>\n\t\t\t\t<\/div>\n\t\t\t\t\t<\/div>\n\t\t\t\t<\/div>\n\t\t<div class=\"elementor-element elementor-element-452d551 e-flex e-con-boxed e-con e-parent\" data-id=\"452d551\" data-element_type=\"container\">\n\t\t\t\t\t<div class=\"e-con-inner\">\n\t\t<div class=\"elementor-element elementor-element-10acd65 e-con-full e-flex e-con e-child\" data-id=\"10acd65\" data-element_type=\"container\">\n\t\t\t\t<div class=\"elementor-element elementor-element-30003e8 elementor-widget elementor-widget-heading\" data-id=\"30003e8\" data-element_type=\"widget\" data-widget_type=\"heading.default\">\n\t\t\t\t<div class=\"elementor-widget-container\">\n\t\t\t\t\t<h3 class=\"elementor-heading-title elementor-size-default\">Descarga Textos Isl\u00e1micos Gratuitos<\/h3>\t\t\t\t<\/div>\n\t\t\t\t<\/div>\n\t\t\t\t<div class=\"elementor-element elementor-element-2351e1e elementor-widget elementor-widget-text-editor\" data-id=\"2351e1e\" data-element_type=\"widget\" data-widget_type=\"text-editor.default\">\n\t\t\t\t<div class=\"elementor-widget-container\">\n\t\t\t\t\t\t\t\t\t<p style=\"text-align: center;\">Explora y enriquece tu conocimiento con nuestros textos isl\u00e1micos disponibles para descarga en el sitio. \u00a1Empieza tu aprendizaje hoy!<\/p>\t\t\t\t\t\t\t\t<\/div>\n\t\t\t\t<\/div>\n\t\t\t\t<div class=\"elementor-element elementor-element-4cf1aaa elementor-align-center elementor-widget elementor-widget-button\" data-id=\"4cf1aaa\" data-element_type=\"widget\" data-widget_type=\"button.default\">\n\t\t\t\t<div class=\"elementor-widget-container\">\n\t\t\t\t\t\t\t\t\t<div class=\"elementor-button-wrapper\">\n\t\t\t\t\t<a class=\"elementor-button elementor-button-link elementor-size-sm\" href=\"https:\/\/www.fundacionislamica.org\/?page_id=673\">\n\t\t\t\t\t\t<span class=\"elementor-button-content-wrapper\">\n\t\t\t\t\t\t\t\t\t<span class=\"elementor-button-text\">Descargar<\/span>\n\t\t\t\t\t<\/span>\n\t\t\t\t\t<\/a>\n\t\t\t\t<\/div>\n\t\t\t\t\t\t\t\t<\/div>\n\t\t\t\t<\/div>\n\t\t\t\t<\/div>\n\t\t<div class=\"elementor-element elementor-element-3599e2c e-con-full e-flex e-con e-child\" data-id=\"3599e2c\" data-element_type=\"container\">\n\t\t\t\t<div class=\"elementor-element elementor-element-ec22501 elementor-widget elementor-widget-image\" data-id=\"ec22501\" data-element_type=\"widget\" data-widget_type=\"image.default\">\n\t\t\t\t<div class=\"elementor-widget-container\">\n\t\t\t\t\t\t\t\t\t\t\t\t\t\t\t<img decoding=\"async\" src=\"https:\/\/www.fundacionislamica.org\/wp-content\/uploads\/elementor\/thumbs\/Biblioteca-qzfk53vhds9zn0d4na7lz0m8eqcpeprjhy1l9axwe4.jpg\" title=\"Biblioteca\" alt=\"Biblioteca\" loading=\"lazy\" \/>\t\t\t\t\t\t\t\t\t\t\t\t\t\t\t<\/div>\n\t\t\t\t<\/div>\n\t\t\t\t<\/div>\n\t\t\t\t\t<\/div>\n\t\t\t\t<\/div>\n\t\t<div class=\"elementor-element elementor-element-f474b08 e-flex e-con-boxed e-con e-parent\" data-id=\"f474b08\" data-element_type=\"container\">\n\t\t\t\t\t<div class=\"e-con-inner\">\n\t\t<div class=\"elementor-element elementor-element-79eec34 e-con-full e-flex e-con e-child\" data-id=\"79eec34\" data-element_type=\"container\">\n\t\t\t\t<div class=\"elementor-element elementor-element-aa68f6d elementor-widget elementor-widget-image\" data-id=\"aa68f6d\" data-element_type=\"widget\" data-widget_type=\"image.default\">\n\t\t\t\t<div class=\"elementor-widget-container\">\n\t\t\t\t\t\t\t\t\t\t\t\t\t\t\t<img fetchpriority=\"high\" decoding=\"async\" width=\"1024\" height=\"1024\" src=\"https:\/\/www.fundacionislamica.org\/wp-content\/uploads\/2025\/01\/Snapinsta.app_245568812_566484214408026_1403252603793552455_n_1080-1024x1024.jpg\" class=\"attachment-large size-large wp-image-1361\" alt=\"\" srcset=\"https:\/\/www.fundacionislamica.org\/wp-content\/uploads\/2025\/01\/Snapinsta.app_245568812_566484214408026_1403252603793552455_n_1080-1024x1024.jpg 1024w, https:\/\/www.fundacionislamica.org\/wp-content\/uploads\/2025\/01\/Snapinsta.app_245568812_566484214408026_1403252603793552455_n_1080-300x300.jpg 300w, https:\/\/www.fundacionislamica.org\/wp-content\/uploads\/2025\/01\/Snapinsta.app_245568812_566484214408026_1403252603793552455_n_1080-150x150.jpg 150w, https:\/\/www.fundacionislamica.org\/wp-content\/uploads\/2025\/01\/Snapinsta.app_245568812_566484214408026_1403252603793552455_n_1080-768x768.jpg 768w, https:\/\/www.fundacionislamica.org\/wp-content\/uploads\/2025\/01\/Snapinsta.app_245568812_566484214408026_1403252603793552455_n_1080.jpg 1080w\" sizes=\"(max-width: 1024px) 100vw, 1024px\" \/>\t\t\t\t\t\t\t\t\t\t\t\t\t\t\t<\/div>\n\t\t\t\t<\/div>\n\t\t\t\t<\/div>\n\t\t<div class=\"elementor-element elementor-element-b395847 e-con-full e-flex e-con e-child\" data-id=\"b395847\" data-element_type=\"container\">\n\t\t\t\t<div class=\"elementor-element elementor-element-68dca2c elementor-widget elementor-widget-wp-widget-recent-posts\" data-id=\"68dca2c\" data-element_type=\"widget\" data-widget_type=\"wp-widget-recent-posts.default\">\n\t\t\t\t<div class=\"elementor-widget-container\">\n\t\t\t\t\t\n\t\t\n\t\t<h5>Publicaciones recientes<\/h5>\n\t\t<ul>\n\t\t\t\t\t\t\t\t\t\t\t<li>\n\t\t\t\t\t<a href=\"https:\/\/www.fundacionislamica.org\/?p=1350\">\u00a1Descarga la Gu\u00eda B\u00e1sica de Ramad\u00e1n!<\/a>\n\t\t\t\t\t\t\t\t\t<\/li>\n\t\t\t\t\t\t\t\t\t\t\t<li>\n\t\t\t\t\t<a href=\"https:\/\/www.fundacionislamica.org\/?p=1354\">Presentaci\u00f3n de \u00abLos Principios de la Paciencia\u00bb en la FIL de Guadalajara<\/a>\n\t\t\t\t\t\t\t\t\t<\/li>\n\t\t\t\t\t\t\t\t\t\t\t<li>\n\t\t\t\t\t<a href=\"https:\/\/www.fundacionislamica.org\/?p=655\">Islam paso a paso: descubre y fortalece tu fe<\/a>\n\t\t\t\t\t\t\t\t\t<\/li>\n\t\t\t\t\t\t\t\t\t\t\t<li>\n\t\t\t\t\t<a href=\"https:\/\/www.fundacionislamica.org\/?p=650\">Curso: La oraci\u00f3n hecha f\u00e1cil<\/a>\n\t\t\t\t\t\t\t\t\t<\/li>\n\t\t\t\t\t\t\t\t\t\t\t<li>\n\t\t\t\t\t<a href=\"https:\/\/www.fundacionislamica.org\/?p=646\">Curso de Dawah en l\u00ednea gratuito<\/a>\n\t\t\t\t\t\t\t\t\t<\/li>\n\t\t\t\t\t<\/ul>\n\n\t\t\t\t\t\t<\/div>\n\t\t\t\t<\/div>\n\t\t\t\t<\/div>\n\t\t\t\t\t<\/div>\n\t\t\t\t<\/div>\n\t\t<div class=\"elementor-element elementor-element-b3eb7d3 e-flex e-con-boxed e-con e-parent\" data-id=\"b3eb7d3\" data-element_type=\"container\" data-settings=\"{&quot;background_background&quot;:&quot;slideshow&quot;,&quot;background_slideshow_gallery&quot;:[{&quot;id&quot;:846,&quot;url&quot;:&quot;https:\\\/\\\/www.fundacionislamica.org\\\/wp-content\\\/uploads\\\/2024\\\/09\\\/bg3-scaled.webp&quot;}],&quot;background_slideshow_slide_duration&quot;:5000,&quot;background_slideshow_slide_transition&quot;:&quot;fade&quot;,&quot;background_slideshow_transition_duration&quot;:500}\">\n\t\t\t\t\t<div class=\"e-con-inner\">\n\t\t<div class=\"elementor-element elementor-element-cd73ed9 e-con-full e-flex e-con e-child\" data-id=\"cd73ed9\" data-element_type=\"container\">\n\t\t\t\t<div class=\"elementor-element elementor-element-3ddcef2 elementor-widget elementor-widget-image-box\" data-id=\"3ddcef2\" data-element_type=\"widget\" data-widget_type=\"image-box.default\">\n\t\t\t\t<div class=\"elementor-widget-container\">\n\t\t\t\t\t<div class=\"elementor-image-box-wrapper\"><div class=\"elementor-image-box-content\"><h3 class=\"elementor-image-box-title\">\u00a1\u00danete a Nuestra Comunidad!<\/h3><p class=\"elementor-image-box-description\">En la Fundaci\u00f3n Isl\u00e1mica de Chile estamos comprometidos a promover los valores de la paz, la solidaridad y la educaci\u00f3n. Te invitamos a suscribirte a nuestro bolet\u00edn informativo, donde podr\u00e1s recibir noticias sobre nuestras actividades, eventos y proyectos.<\/p><\/div><\/div>\t\t\t\t<\/div>\n\t\t\t\t<\/div>\n\t\t\t\t<\/div>\n\t\t<div class=\"elementor-element elementor-element-e3389f3 e-con-full e-flex e-con e-child\" data-id=\"e3389f3\" data-element_type=\"container\">\n\t\t\t\t<div class=\"elementor-element elementor-element-b3e98c8 elementor-widget__width-initial elementor-widget elementor-widget-wpforms\" data-id=\"b3e98c8\" data-element_type=\"widget\" data-widget_type=\"wpforms.default\">\n\t\t\t\t<div class=\"elementor-widget-container\">\n\t\t\t\t\t<style id=\"wpforms-css-vars-elementor-widget-b3e98c8\">\n\t\t\t\t.elementor-widget-wpforms.elementor-element-b3e98c8 {\n\t\t\t\t--wpforms-field-border-radius: 30px;\n--wpforms-label-color: #FFFFFFD9;\n--wpforms-button-border-radius: 20px;\n--wpforms-button-background-color: #005D30;\n--wpforms-field-size-input-height: 31px;\n--wpforms-field-size-input-spacing: 10px;\n--wpforms-field-size-font-size: 14px;\n--wpforms-field-size-line-height: 17px;\n--wpforms-field-size-padding-h: 9px;\n--wpforms-field-size-checkbox-size: 14px;\n--wpforms-field-size-sublabel-spacing: 5px;\n--wpforms-field-size-icon-size: 0.75;\n\t\t\t}\n\t\t\t<\/style><div class=\"wpforms-container wpforms-container-full wpforms-render-modern\" id=\"wpforms-859\"><form id=\"wpforms-form-859\" class=\"wpforms-validate wpforms-form wpforms-ajax-form\" data-formid=\"859\" method=\"post\" enctype=\"multipart\/form-data\" action=\"\/index.php?rest_route=%2Fwp%2Fv2%2Fpages%2F695\" data-token=\"f842c253b768780c5997eebbbafd00ee\" data-token-time=\"1776662875\"><noscript class=\"wpforms-error-noscript\">Por favor, activa JavaScript en tu navegador para completar este formulario.<\/noscript><div id=\"wpforms-error-noscript\" style=\"display: none;\">Por favor, activa JavaScript en tu navegador para completar este formulario.<\/div><div class=\"wpforms-field-container\">\t\t<div id=\"wpforms-859-field_1-container\"\n\t\t\tclass=\"wpforms-field wpforms-field-text\"\n\t\t\tdata-field-type=\"text\"\n\t\t\tdata-field-id=\"1\"\n\t\t\t>\n\t\t\t<label class=\"wpforms-field-label\" for=\"wpforms-859-field_1\" >electr\u00f3nico Correo<\/label>\n\t\t\t<input type=\"text\" id=\"wpforms-859-field_1\" class=\"wpforms-field-medium\" name=\"wpforms[fields][1]\" >\n\t\t<\/div>\n\t\t<div id=\"wpforms-859-field_2-container\" class=\"wpforms-field wpforms-field-email\" data-field-id=\"2\"><label class=\"wpforms-field-label\" for=\"wpforms-859-field_2\">Correo electr\u00f3nico <span class=\"wpforms-required-label\" aria-hidden=\"true\">*<\/span><\/label><input type=\"email\" id=\"wpforms-859-field_2\" class=\"wpforms-field-large wpforms-field-required\" name=\"wpforms[fields][2]\" spellcheck=\"false\" aria-errormessage=\"wpforms-859-field_2-error\" required><\/div><script>\n\t\t\t\t( function() {\n\t\t\t\t\tconst style = document.createElement( 'style' );\n\t\t\t\t\tstyle.appendChild( document.createTextNode( '#wpforms-859-field_1-container { position: absolute !important; overflow: hidden !important; display: inline !important; height: 1px !important; width: 1px !important; z-index: -1000 !important; padding: 0 !important; } #wpforms-859-field_1-container input { visibility: hidden; } #wpforms-conversational-form-page #wpforms-859-field_1-container label { counter-increment: none; }' ) );\n\t\t\t\t\tdocument.head.appendChild( style );\n\t\t\t\t\tdocument.currentScript?.remove();\n\t\t\t\t} )();\n\t\t\t<\/script><\/div><!-- .wpforms-field-container --><div class=\"wpforms-submit-container\" ><input type=\"hidden\" name=\"wpforms[id]\" value=\"859\"><input type=\"hidden\" name=\"page_title\" value=\"\"><input type=\"hidden\" name=\"page_url\" value=\"https:\/\/www.fundacionislamica.org\/index.php?rest_route=\/wp\/v2\/pages\/695\"><input type=\"hidden\" name=\"url_referer\" value=\"\"><button type=\"submit\" name=\"wpforms[submit]\" id=\"wpforms-submit-859\" class=\"wpforms-submit\" data-alt-text=\"Enviando...\" data-submit-text=\"SUSCRIBIR\" aria-live=\"assertive\" value=\"wpforms-submit\">SUSCRIBIR<\/button><img decoding=\"async\" src=\"https:\/\/www.fundacionislamica.org\/wp-content\/plugins\/wpforms-lite\/assets\/images\/submit-spin.svg\" class=\"wpforms-submit-spinner\" style=\"display: none;\" width=\"26\" height=\"26\" alt=\"Cargando\"><\/div><\/form><\/div>  <!-- .wpforms-container -->\t\t\t\t<\/div>\n\t\t\t\t<\/div>\n\t\t\t\t<\/div>\n\t\t\t\t\t<\/div>\n\t\t\t\t<\/div>\n\t\t<div class=\"elementor-element elementor-element-86e9d9e e-flex e-con-boxed e-con e-parent\" data-id=\"86e9d9e\" data-element_type=\"container\">\n\t\t\t\t\t<div class=\"e-con-inner\">\n\t\t\t\t\t<\/div>\n\t\t\t\t<\/div>\n\t\t\t\t<\/div>\n\t\t","protected":false},"excerpt":{"rendered":"<p>Qui\u00e9nes Somos La Fundaci\u00f3n Isl\u00e1mica de Chile, es una organizaci\u00f3n sin fines de lucro enfocada en la difusi\u00f3n y ense\u00f1anza del islam en Chile, adem\u00e1s de velar por el desarrollo integral de la vida del musulm\u00e1n, ya sea de car\u00e1cter social, intelectual y espiritual, procurando que este desarrollo est\u00e9 en concordancia con los valores tradicionales [&hellip;]<\/p>\n","protected":false},"author":1,"featured_media":0,"parent":0,"menu_order":0,"comment_status":"closed","ping_status":"closed","template":"","meta":{"footnotes":""},"class_list":["post-695","page","type-page","status-publish","hentry"],"blocksy_meta":{"background":{"desktop":{"background_type":"color","background_pattern":"type-1","background_image":{"attachment_id":null,"x":0,"y":0},"gradient":"linear-gradient(135deg,rgba(6,147,227,1) 0%,rgb(155,81,224) 100%)","background_repeat":"repeat","background_size":"auto","background_attachment":"scroll","patternColor":{"default":{"color":"#e5e7ea"}},"overlayColor":{"default":{"color":"CT_CSS_SKIP_RULE"}},"backgroundColor":{"default":{"color":"#ffffff"}}},"tablet":{"background_type":"color","background_pattern":"type-1","background_image":{"attachment_id":null,"x":0,"y":0},"gradient":"linear-gradient(135deg,rgba(6,147,227,1) 0%,rgb(155,81,224) 100%)","background_repeat":"repeat","background_size":"auto","background_attachment":"scroll","patternColor":{"default":{"color":"#e5e7ea"}},"overlayColor":{"default":{"color":"CT_CSS_SKIP_RULE"}},"backgroundColor":{"default":{"color":"#ffffff"}}},"mobile":{"background_type":"color","background_pattern":"type-1","background_image":{"attachment_id":null,"x":0,"y":0},"gradient":"linear-gradient(135deg,rgba(6,147,227,1) 0%,rgb(155,81,224) 100%)","background_repeat":"repeat","background_size":"auto","background_attachment":"scroll","patternColor":{"default":{"color":"#e5e7ea"}},"overlayColor":{"default":{"color":"CT_CSS_SKIP_RULE"}},"backgroundColor":{"default":{"color":"#ffffff"}}}},"styles_descriptor":{"styles":{"desktop":"[data-prefix=\"single_page\"] {background-color:#ffffff;background-image:none;}","tablet":"","mobile":""},"google_fonts":[],"version":6},"vertical_spacing_source":"custom","content_area_spacing":"none","content_style_source":"inherit"},"_links":{"self":[{"href":"https:\/\/www.fundacionislamica.org\/index.php?rest_route=\/wp\/v2\/pages\/695","targetHints":{"allow":["GET"]}}],"collection":[{"href":"https:\/\/www.fundacionislamica.org\/index.php?rest_route=\/wp\/v2\/pages"}],"about":[{"href":"https:\/\/www.fundacionislamica.org\/index.php?rest_route=\/wp\/v2\/types\/page"}],"author":[{"embeddable":true,"href":"https:\/\/www.fundacionislamica.org\/index.php?rest_route=\/wp\/v2\/users\/1"}],"replies":[{"embeddable":true,"href":"https:\/\/www.fundacionislamica.org\/index.php?rest_route=%2Fwp%2Fv2%2Fcomments&post=695"}],"version-history":[{"count":10,"href":"https:\/\/www.fundacionislamica.org\/index.php?rest_route=\/wp\/v2\/pages\/695\/revisions"}],"predecessor-version":[{"id":1417,"href":"https:\/\/www.fundacionislamica.org\/index.php?rest_route=\/wp\/v2\/pages\/695\/revisions\/1417"}],"wp:attachment":[{"href":"https:\/\/www.fundacionislamica.org\/index.php?rest_route=%2Fwp%2Fv2%2Fmedia&parent=695"}],"curies":[{"name":"wp","href":"https:\/\/api.w.org\/{rel}","templated":true}]}}